{"id":598,"date":"2024-07-24T09:21:44","date_gmt":"2024-07-24T09:21:44","guid":{"rendered":"https:\/\/www.smiroslavou.art\/?page_id=598"},"modified":"2024-12-06T12:25:41","modified_gmt":"2024-12-06T12:25:41","slug":"o-mne","status":"publish","type":"page","link":"https:\/\/www.smiroslavou.art\/?page_id=598","title":{"rendered":"O mn\u011b"},"content":{"rendered":"<p>[et_pb_section fb_built=&#8220;1&#8243; custom_padding_last_edited=&#8220;on|tablet&#8220; admin_label=&#8220;Header&#8220; _builder_version=&#8220;4.20.4&#8243; background_color=&#8220;#f9f6f5&#8243; background_enable_image=&#8220;off&#8220; background_size=&#8220;contain&#8220; background_position=&#8220;top_right&#8220; custom_padding=&#8220;100px|||||&#8220; custom_padding_tablet=&#8220;60px||||false|false&#8220; custom_padding_phone=&#8220;&#8220; global_colors_info=&#8220;{}&#8220;][et_pb_row column_structure=&#8220;1_2,1_2&#8243; _builder_version=&#8220;4.16&#8243; custom_padding=&#8220;0px||0px||true|false&#8220; global_colors_info=&#8220;{}&#8220;][et_pb_column type=&#8220;1_2&#8243; _builder_version=&#8220;4.16&#8243; z_index=&#8220;10&#8243; custom_padding=&#8220;30px||||false|false&#8220; custom_padding_tablet=&#8220;0px||||false|false&#8220; custom_padding_phone=&#8220;&#8220; custom_padding_last_edited=&#8220;on|tablet&#8220; global_colors_info=&#8220;{}&#8220;][et_pb_text _builder_version=&#8220;4.21.0&#8243; text_font_size=&#8220;24px&#8220; text_line_height=&#8220;2em&#8220; header_font=&#8220;Domine||||||||&#8220; header_font_size=&#8220;70px&#8220; header_line_height=&#8220;1.3em&#8220; text_font_size_tablet=&#8220;18px&#8220; text_font_size_phone=&#8220;16px&#8220; text_font_size_last_edited=&#8220;on|phone&#8220; header_font_size_tablet=&#8220;48px&#8220; header_font_size_phone=&#8220;38px&#8220; header_font_size_last_edited=&#8220;on|phone&#8220; locked=&#8220;off&#8220; global_colors_info=&#8220;{}&#8220;]<\/p>\n<h1><span style=\"color: #993300;\">Miroslava Miriam Bauz<\/span><\/h1>\n<p>Pr\u016fvodkyn\u011b krajinami t\u011bla i du\u0161e<\/p>\n<p>[\/et_pb_text][et_pb_button button_url=&#8220;https:\/\/www.smiroslavou.art\/#akce-kurzy&#8220; button_text=&#8220;Akce a kurzy&#8220; _builder_version=&#8220;4.20.4&#8243; custom_button=&#8220;on&#8220; button_text_size=&#8220;12px&#8220; button_text_color=&#8220;#000000&#8243; button_bg_color=&#8220;rgba(0,0,0,0)&#8220; button_border_width=&#8220;2px&#8220; button_border_color=&#8220;#24394A&#8220; button_border_radius=&#8220;0px&#8220; button_letter_spacing=&#8220;4px&#8220; button_font=&#8220;|700||on|||||&#8220; custom_padding=&#8220;18px|30px|18px|30px|true|true&#8220; locked=&#8220;off&#8220; global_colors_info=&#8220;{}&#8220;][\/et_pb_button][\/et_pb_column][et_pb_column type=&#8220;1_2&#8243; _builder_version=&#8220;4.16&#8243; global_colors_info=&#8220;{}&#8220;][et_pb_image src=&#8220;http:\/\/www.smiroslavou.art\/wp-content\/uploads\/2023\/03\/Miri-2-scaled.jpg&#8220; title_text=&#8220;Miri-2&#8243; _builder_version=&#8220;4.20.4&#8243; background_enable_color=&#8220;off&#8220; background_enable_image=&#8220;off&#8220; custom_margin=&#8220;|||-296px|false|false&#8220; custom_margin_tablet=&#8220;|||0px|false|false&#8220; custom_margin_phone=&#8220;&#8220; custom_margin_last_edited=&#8220;on|tablet&#8220; global_colors_info=&#8220;{}&#8220;][\/et_pb_image][\/et_pb_column][\/et_pb_row][\/et_pb_section][et_pb_section fb_built=&#8220;1&#8243; admin_label=&#8220;Feature&#8220; _builder_version=&#8220;4.20.4&#8243; _module_preset=&#8220;default&#8220; background_color=&#8220;#f9f6f5&#8243; background_enable_image=&#8220;off&#8220; parallax=&#8220;on&#8220; custom_margin=&#8220;||-24px|||&#8220; custom_padding=&#8220;0px||0px|||&#8220; global_colors_info=&#8220;{}&#8220;][et_pb_row _builder_version=&#8220;4.20.4&#8243; _module_preset=&#8220;default&#8220; background_color=&#8220;#f9f6f5&#8243; min_height=&#8220;126px&#8220; custom_margin=&#8220;|auto|-106px|auto||&#8220; custom_padding=&#8220;0px||0px|0px||&#8220; global_colors_info=&#8220;{}&#8220;][et_pb_column type=&#8220;4_4&#8243; _builder_version=&#8220;4.16&#8243; _module_preset=&#8220;default&#8220; global_colors_info=&#8220;{}&#8220;][et_pb_text module_id=&#8220;o-mne&#8220; _builder_version=&#8220;4.20.4&#8243; _module_preset=&#8220;default&#8220; header_2_font=&#8220;Crimson Text||||||||&#8220; header_2_text_color=&#8220;#a26737&#8243; header_2_font_size=&#8220;80px&#8220; text_orientation=&#8220;center&#8220; max_width=&#8220;750px&#8220; module_alignment=&#8220;center&#8220; custom_padding=&#8220;16px||0px|||&#8220; header_2_font_size_tablet=&#8220;42px&#8220; header_2_font_size_phone=&#8220;26px&#8220; header_2_font_size_last_edited=&#8220;on|phone&#8220; header_2_line_height_tablet=&#8220;&#8220; header_2_line_height_phone=&#8220;1.2em&#8220; header_2_line_height_last_edited=&#8220;on|phone&#8220; locked=&#8220;off&#8220; global_colors_info=&#8220;{}&#8220;]<\/p>\n<h2>O mn\u011b<\/h2>\n<p>[\/et_pb_text][\/et_pb_column][\/et_pb_row][et_pb_row column_structure=&#8220;1_2,1_2&#8243; make_equal=&#8220;on&#8220; _builder_version=&#8220;4.20.4&#8243; _module_preset=&#8220;default&#8220; background_color=&#8220;#f9f6f5&#8243; background_enable_image=&#8220;off&#8220; custom_margin=&#8220;|auto|1px|auto||&#8220; custom_padding=&#8220;||3px|||&#8220; locked=&#8220;off&#8220; global_colors_info=&#8220;{}&#8220;][et_pb_column type=&#8220;1_2&#8243; _builder_version=&#8220;4.16&#8243; _module_preset=&#8220;default&#8220; global_colors_info=&#8220;{}&#8220;][et_pb_image src=&#8220;http:\/\/www.smiroslavou.art\/wp-content\/uploads\/2023\/05\/342960481_789671909138640_17972476558489538_n.jpg&#8220; title_text=&#8220;342960481_789671909138640_17972476558489538_n&#8220; _builder_version=&#8220;4.20.4&#8243; _module_preset=&#8220;default&#8220; custom_margin=&#8220;||0px||false|false&#8220; custom_margin_tablet=&#8220;0px||50px||false|false&#8220; custom_margin_phone=&#8220;0px||2px||false|false&#8220; custom_margin_last_edited=&#8220;on|phone&#8220; border_width_all=&#8220;30px&#8220; border_color_all=&#8220;RGBA(255,255,255,0)&#8220; border_style_all=&#8220;none&#8220; border_width_all_tablet=&#8220;&#8220; border_width_all_phone=&#8220;10px&#8220; border_width_all_last_edited=&#8220;on|phone&#8220; locked=&#8220;off&#8220; global_colors_info=&#8220;{}&#8220;][\/et_pb_image][\/et_pb_column][et_pb_column type=&#8220;1_2&#8243; _builder_version=&#8220;4.16&#8243; _module_preset=&#8220;default&#8220; global_colors_info=&#8220;{}&#8220;][et_pb_text _builder_version=&#8220;4.27.2&#8243; _module_preset=&#8220;default&#8220; text_font=&#8220;Karla||||||||&#8220; text_font_size=&#8220;16px&#8220; text_line_height=&#8220;1.8em&#8220; min_height=&#8220;502.5px&#8220; hover_enabled=&#8220;0&#8243; text_font_size_tablet=&#8220;&#8220; text_font_size_phone=&#8220;14px&#8220; text_font_size_last_edited=&#8220;on|phone&#8220; locked=&#8220;off&#8220; global_colors_info=&#8220;{}&#8220; sticky_enabled=&#8220;0&#8243;]<\/p>\n<p style=\"text-align: justify;\">Za sv\u016fj \u017eivot jsem nasb\u00edrala nespo\u010det vzorc\u016f chov\u00e1n\u00ed, adaptac\u00ed a p\u0159esv\u011bd\u010den\u00ed. Posledn\u00edch 12 let je v sob\u011b odhaluji a postupn\u011b se od nich osvobozuji.<\/p>\n<p style=\"text-align: justify;\">M\u00e1m dar ostatn\u00edm p\u0159ed\u00e1vat vlastn\u00ed za\u017eit\u00e9 zku\u0161enosti. \u010cin\u00edm tak prost\u0159ednictv\u00edm veden\u00ed lekc\u00ed tantra j\u00f3gy a poskytov\u00e1n\u00edm soukrom\u00fdch konzultac\u00ed pot\u0159ebn\u00fdm.<\/p>\n<p style=\"text-align: justify;\">Na\u0161la jsem v sob\u011b programy, kter\u00e9 zap\u0159\u00ed\u010dinily, \u017ee jsem se ji\u017e n\u011bkolikr\u00e1t za sv\u016fj \u017eivot ocitla na jeho pokraji \u2013 \u0159\u00edk\u00e1m tomu bl\u00edzk\u00e9 setk\u00e1n\u00ed se smrt\u00ed.<\/p>\n<p style=\"text-align: justify;\">Rakovina, zran\u011bn\u00ed s trval\u00fdm n\u00e1sledkem, dom\u00e1c\u00ed n\u00e1sil\u00ed, siln\u00e9 sebedestruk\u010dn\u00ed chov\u00e1n\u00ed, toxick\u00e9 a z\u00e1visl\u00e9 vztahy, deprese a zmatenost&#8230;<\/p>\n<p style=\"text-align: justify;\">Tento hojn\u00fd materi\u00e1l m\u011b dovedl k nutnosti transformace a ta se d\u011bje st\u00e1le. Pokra\u010duje. Nyn\u00ed ji\u017e v\u011bdom\u011b.<\/p>\n<p>Vyman\u011bn\u00ed se z role ob\u011bti a bd\u011bl\u00e9 tvo\u0159en\u00ed reality ze sv\u00e9ho potenci\u00e1lu \u2013 to je m\u00e9 Tady a Te\u010f.<\/p>\n<\/p>\n<p>&nbsp;<\/p>\n<p><span><strong><\/strong><\/span><\/p>\n<p><span><strong><\/strong><\/span><\/p>\n<p>&nbsp;<\/p>\n<p>[\/et_pb_text][\/et_pb_column][\/et_pb_row][et_pb_row _builder_version=&#8220;4.20.4&#8243; _module_preset=&#8220;default&#8220; custom_padding=&#8220;||0px|||&#8220; global_colors_info=&#8220;{}&#8220;][et_pb_column type=&#8220;4_4&#8243; _builder_version=&#8220;4.20.4&#8243; _module_preset=&#8220;default&#8220; global_colors_info=&#8220;{}&#8220;][et_pb_text module_id=&#8220;kontakt&#8220; _builder_version=&#8220;4.20.4&#8243; _module_preset=&#8220;default&#8220; header_2_font=&#8220;Crimson Text||||||||&#8220; header_2_text_color=&#8220;#a26737&#8243; header_2_font_size=&#8220;80px&#8220; text_orientation=&#8220;center&#8220; max_width=&#8220;750px&#8220; module_alignment=&#8220;center&#8220; custom_padding=&#8220;||0px|||&#8220; header_2_font_size_tablet=&#8220;42px&#8220; header_2_font_size_phone=&#8220;26px&#8220; header_2_font_size_last_edited=&#8220;on|phone&#8220; header_2_line_height_tablet=&#8220;&#8220; header_2_line_height_phone=&#8220;1.2em&#8220; header_2_line_height_last_edited=&#8220;on|phone&#8220; locked=&#8220;off&#8220; global_colors_info=&#8220;{}&#8220;]<\/p>\n<h2>Kontakty<\/h2>\n<h3><\/h3>\n<p><strong>Email:<\/strong> bauz.miri@gmail.com<\/p>\n<p><strong>Tel.:<\/strong> +420 724 028 679<strong><\/strong><\/p>\n<p><span style=\"color: #0c71c3;\"><strong>Facebook\u00a0<\/strong><\/span><\/p>\n<p><span style=\"text-decoration: underline; color: #993300;\"><a href=\"https:\/\/www.facebook.com\/miroslava.miriam.bauz\" target=\"_top\" style=\"color: #993300; text-decoration: underline;\" rel=\"noopener\">Miroslava Miriam Bauz<\/a><\/span><\/p>\n<p><span style=\"text-decoration: underline; color: #993300;\"><a rel=\"noreferrer noopener\" href=\"https:\/\/www.facebook.com\/Miri.Bauz.yoga.dance.terapie.tantra\" target=\"_top\" style=\"color: #993300; text-decoration: underline;\">Sm\u00edroslavou.art<\/a><\/span><strong><\/strong><strong><\/strong><\/p>\n<p><strong><\/strong><\/p>\n<p>&nbsp;<\/p>\n<p>[\/et_pb_text][\/et_pb_column][\/et_pb_row][\/et_pb_section]<\/p>\n","protected":false},"excerpt":{"rendered":"<p>Miroslava Miriam Bauz Pr\u016fvodkyn\u011b krajinami t\u011bla i du\u0161eO mn\u011bZa sv\u016fj \u017eivot jsem nasb\u00edrala nespo\u010det vzorc\u016f chov\u00e1n\u00ed, adaptac\u00ed a p\u0159esv\u011bd\u010den\u00ed. Posledn\u00edch 12 let je v sob\u011b odhaluji a postupn\u011b se od nich osvobozuji. M\u00e1m dar ostatn\u00edm p\u0159ed\u00e1vat vlastn\u00ed za\u017eit\u00e9 zku\u0161enosti. \u010cin\u00edm tak prost\u0159ednictv\u00edm veden\u00ed lekc\u00ed tantra j\u00f3gy a poskytov\u00e1n\u00edm soukrom\u00fdch konzultac\u00ed pot\u0159ebn\u00fdm. Na\u0161la jsem v sob\u011b [&hellip;]<\/p>\n","protected":false},"author":1,"featured_media":0,"parent":0,"menu_order":0,"comment_status":"closed","ping_status":"closed","template":"","meta":{"_et_pb_use_builder":"on","_et_pb_old_content":"","_et_gb_content_width":"","footnotes":""},"class_list":["post-598","page","type-page","status-publish","hentry"],"yoast_head":"<!-- This site is optimized with the Yoast SEO plugin v27.5 - https:\/\/yoast.com\/product\/yoast-seo-wordpress\/ -->\n<title>O mn\u011b - smiroslavou.art<\/title>\n<meta name=\"robots\" content=\"index, follow, max-snippet:-1, max-image-preview:large, max-video-preview:-1\" \/>\n<link rel=\"canonical\" href=\"https:\/\/www.smiroslavou.art\/?page_id=598\" \/>\n<meta property=\"og:locale\" content=\"cs_CZ\" \/>\n<meta property=\"og:type\" content=\"article\" \/>\n<meta property=\"og:title\" content=\"O mn\u011b - smiroslavou.art\" \/>\n<meta property=\"og:description\" content=\"Miroslava Miriam Bauz Pr\u016fvodkyn\u011b krajinami t\u011bla i du\u0161eO mn\u011bZa sv\u016fj \u017eivot jsem nasb\u00edrala nespo\u010det vzorc\u016f chov\u00e1n\u00ed, adaptac\u00ed a p\u0159esv\u011bd\u010den\u00ed. Posledn\u00edch 12 let je v sob\u011b odhaluji a postupn\u011b se od nich osvobozuji. M\u00e1m dar ostatn\u00edm p\u0159ed\u00e1vat vlastn\u00ed za\u017eit\u00e9 zku\u0161enosti. \u010cin\u00edm tak prost\u0159ednictv\u00edm veden\u00ed lekc\u00ed tantra j\u00f3gy a poskytov\u00e1n\u00edm soukrom\u00fdch konzultac\u00ed pot\u0159ebn\u00fdm. Na\u0161la jsem v sob\u011b [&hellip;]\" \/>\n<meta property=\"og:url\" content=\"https:\/\/www.smiroslavou.art\/?page_id=598\" \/>\n<meta property=\"og:site_name\" content=\"smiroslavou.art\" \/>\n<meta property=\"article:modified_time\" content=\"2024-12-06T12:25:41+00:00\" \/>\n<meta property=\"og:image\" content=\"https:\/\/www.smiroslavou.art\/wp-content\/uploads\/2025\/02\/DSC01766-scaled.jpg\" \/>\n\t<meta property=\"og:image:width\" content=\"2560\" \/>\n\t<meta property=\"og:image:height\" content=\"1707\" \/>\n\t<meta property=\"og:image:type\" content=\"image\/jpeg\" \/>\n<meta name=\"twitter:card\" content=\"summary_large_image\" \/>\n<script type=\"application\/ld+json\" class=\"yoast-schema-graph\">{\"@context\":\"https:\\\/\\\/schema.org\",\"@graph\":[{\"@type\":\"WebPage\",\"@id\":\"https:\\\/\\\/www.smiroslavou.art\\\/?page_id=598\",\"url\":\"https:\\\/\\\/www.smiroslavou.art\\\/?page_id=598\",\"name\":\"O mn\u011b - smiroslavou.art\",\"isPartOf\":{\"@id\":\"https:\\\/\\\/www.smiroslavou.art\\\/#website\"},\"datePublished\":\"2024-07-24T09:21:44+00:00\",\"dateModified\":\"2024-12-06T12:25:41+00:00\",\"breadcrumb\":{\"@id\":\"https:\\\/\\\/www.smiroslavou.art\\\/?page_id=598#breadcrumb\"},\"inLanguage\":\"cs\",\"potentialAction\":[{\"@type\":\"ReadAction\",\"target\":[\"https:\\\/\\\/www.smiroslavou.art\\\/?page_id=598\"]}]},{\"@type\":\"BreadcrumbList\",\"@id\":\"https:\\\/\\\/www.smiroslavou.art\\\/?page_id=598#breadcrumb\",\"itemListElement\":[{\"@type\":\"ListItem\",\"position\":1,\"name\":\"Dom\u016f\",\"item\":\"https:\\\/\\\/www.smiroslavou.art\\\/\"},{\"@type\":\"ListItem\",\"position\":2,\"name\":\"O mn\u011b\"}]},{\"@type\":\"WebSite\",\"@id\":\"https:\\\/\\\/www.smiroslavou.art\\\/#website\",\"url\":\"https:\\\/\\\/www.smiroslavou.art\\\/\",\"name\":\"smiroslavou.art\",\"description\":\"Smiroslavou.art\",\"potentialAction\":[{\"@type\":\"SearchAction\",\"target\":{\"@type\":\"EntryPoint\",\"urlTemplate\":\"https:\\\/\\\/www.smiroslavou.art\\\/?s={search_term_string}\"},\"query-input\":{\"@type\":\"PropertyValueSpecification\",\"valueRequired\":true,\"valueName\":\"search_term_string\"}}],\"inLanguage\":\"cs\"}]}<\/script>\n<!-- \/ Yoast SEO plugin. -->","yoast_head_json":{"title":"O mn\u011b - smiroslavou.art","robots":{"index":"index","follow":"follow","max-snippet":"max-snippet:-1","max-image-preview":"max-image-preview:large","max-video-preview":"max-video-preview:-1"},"canonical":"https:\/\/www.smiroslavou.art\/?page_id=598","og_locale":"cs_CZ","og_type":"article","og_title":"O mn\u011b - smiroslavou.art","og_description":"Miroslava Miriam Bauz Pr\u016fvodkyn\u011b krajinami t\u011bla i du\u0161eO mn\u011bZa sv\u016fj \u017eivot jsem nasb\u00edrala nespo\u010det vzorc\u016f chov\u00e1n\u00ed, adaptac\u00ed a p\u0159esv\u011bd\u010den\u00ed. Posledn\u00edch 12 let je v sob\u011b odhaluji a postupn\u011b se od nich osvobozuji. M\u00e1m dar ostatn\u00edm p\u0159ed\u00e1vat vlastn\u00ed za\u017eit\u00e9 zku\u0161enosti. \u010cin\u00edm tak prost\u0159ednictv\u00edm veden\u00ed lekc\u00ed tantra j\u00f3gy a poskytov\u00e1n\u00edm soukrom\u00fdch konzultac\u00ed pot\u0159ebn\u00fdm. Na\u0161la jsem v sob\u011b [&hellip;]","og_url":"https:\/\/www.smiroslavou.art\/?page_id=598","og_site_name":"smiroslavou.art","article_modified_time":"2024-12-06T12:25:41+00:00","og_image":[{"width":2560,"height":1707,"url":"https:\/\/www.smiroslavou.art\/wp-content\/uploads\/2025\/02\/DSC01766-scaled.jpg","type":"image\/jpeg"}],"twitter_card":"summary_large_image","schema":{"@context":"https:\/\/schema.org","@graph":[{"@type":"WebPage","@id":"https:\/\/www.smiroslavou.art\/?page_id=598","url":"https:\/\/www.smiroslavou.art\/?page_id=598","name":"O mn\u011b - smiroslavou.art","isPartOf":{"@id":"https:\/\/www.smiroslavou.art\/#website"},"datePublished":"2024-07-24T09:21:44+00:00","dateModified":"2024-12-06T12:25:41+00:00","breadcrumb":{"@id":"https:\/\/www.smiroslavou.art\/?page_id=598#breadcrumb"},"inLanguage":"cs","potentialAction":[{"@type":"ReadAction","target":["https:\/\/www.smiroslavou.art\/?page_id=598"]}]},{"@type":"BreadcrumbList","@id":"https:\/\/www.smiroslavou.art\/?page_id=598#breadcrumb","itemListElement":[{"@type":"ListItem","position":1,"name":"Dom\u016f","item":"https:\/\/www.smiroslavou.art\/"},{"@type":"ListItem","position":2,"name":"O mn\u011b"}]},{"@type":"WebSite","@id":"https:\/\/www.smiroslavou.art\/#website","url":"https:\/\/www.smiroslavou.art\/","name":"smiroslavou.art","description":"Smiroslavou.art","potentialAction":[{"@type":"SearchAction","target":{"@type":"EntryPoint","urlTemplate":"https:\/\/www.smiroslavou.art\/?s={search_term_string}"},"query-input":{"@type":"PropertyValueSpecification","valueRequired":true,"valueName":"search_term_string"}}],"inLanguage":"cs"}]}},"_links":{"self":[{"href":"https:\/\/www.smiroslavou.art\/index.php?rest_route=\/wp\/v2\/pages\/598","targetHints":{"allow":["GET"]}}],"collection":[{"href":"https:\/\/www.smiroslavou.art\/index.php?rest_route=\/wp\/v2\/pages"}],"about":[{"href":"https:\/\/www.smiroslavou.art\/index.php?rest_route=\/wp\/v2\/types\/page"}],"author":[{"embeddable":true,"href":"https:\/\/www.smiroslavou.art\/index.php?rest_route=\/wp\/v2\/users\/1"}],"replies":[{"embeddable":true,"href":"https:\/\/www.smiroslavou.art\/index.php?rest_route=%2Fwp%2Fv2%2Fcomments&post=598"}],"version-history":[{"count":7,"href":"https:\/\/www.smiroslavou.art\/index.php?rest_route=\/wp\/v2\/pages\/598\/revisions"}],"predecessor-version":[{"id":757,"href":"https:\/\/www.smiroslavou.art\/index.php?rest_route=\/wp\/v2\/pages\/598\/revisions\/757"}],"wp:attachment":[{"href":"https:\/\/www.smiroslavou.art\/index.php?rest_route=%2Fwp%2Fv2%2Fmedia&parent=598"}],"curies":[{"name":"wp","href":"https:\/\/api.w.org\/{rel}","templated":true}]}}