{"id":632,"date":"2024-07-24T10:02:55","date_gmt":"2024-07-24T10:02:55","guid":{"rendered":"https:\/\/www.smiroslavou.art\/?page_id=632"},"modified":"2026-03-10T15:55:06","modified_gmt":"2026-03-10T15:55:06","slug":"ubytovani-sumava-roubenka-velhartice","status":"publish","type":"page","link":"https:\/\/www.smiroslavou.art\/?page_id=632","title":{"rendered":"\u0160umavsk\u00e1 roubenka"},"content":{"rendered":"<p>[et_pb_section fb_built=&#8220;1&#8243; custom_padding_last_edited=&#8220;on|tablet&#8220; admin_label=&#8220;Header&#8220; _builder_version=&#8220;4.20.4&#8243; background_color=&#8220;#f9f6f5&#8243; background_enable_image=&#8220;off&#8220; background_size=&#8220;contain&#8220; background_position=&#8220;top_right&#8220; custom_padding=&#8220;67px|||||&#8220; custom_padding_tablet=&#8220;60px||||false|false&#8220; custom_padding_phone=&#8220;&#8220; global_colors_info=&#8220;{}&#8220;][et_pb_row _builder_version=&#8220;4.27.4&#8243; _module_preset=&#8220;default&#8220; custom_padding=&#8220;9px|||||&#8220; global_colors_info=&#8220;{}&#8220;][et_pb_column type=&#8220;4_4&#8243; _builder_version=&#8220;4.27.4&#8243; _module_preset=&#8220;default&#8220; global_colors_info=&#8220;{}&#8220;][et_pb_image src=&#8220;http:\/\/www.smiroslavou.art\/wp-content\/uploads\/2026\/01\/roubenka-sumava-velhartice.jpg&#8220; title_text=&#8220;roubenka-sumava-velhartice&#8220; _builder_version=&#8220;4.27.4&#8243; _module_preset=&#8220;default&#8220; global_colors_info=&#8220;{}&#8220;][\/et_pb_image][\/et_pb_column][\/et_pb_row][\/et_pb_section][et_pb_section fb_built=&#8220;1&#8243; admin_label=&#8220;Classes&#8220; _builder_version=&#8220;4.20.4&#8243; _module_preset=&#8220;default&#8220; background_color=&#8220;#FFFFFF&#8220; custom_margin=&#8220;0px|-2px||||&#8220; custom_padding=&#8220;0px|0px|0px|||&#8220; global_colors_info=&#8220;{}&#8220;][et_pb_row _builder_version=&#8220;4.20.4&#8243; _module_preset=&#8220;default&#8220; global_colors_info=&#8220;{}&#8220;][et_pb_column type=&#8220;4_4&#8243; _builder_version=&#8220;4.20.4&#8243; _module_preset=&#8220;default&#8220; global_colors_info=&#8220;{}&#8220;][et_pb_text module_id=&#8220;nab\u00edz\u00edm&#8220; _builder_version=&#8220;4.27.4&#8243; _module_preset=&#8220;default&#8220; header_2_font=&#8220;Crimson Text||||||||&#8220; header_2_text_color=&#8220;#a26737&#8243; header_2_font_size=&#8220;80px&#8220; text_orientation=&#8220;center&#8220; custom_margin=&#8220;1px||-19px|||&#8220; custom_padding=&#8220;0px||1px|||&#8220; header_2_font_size_tablet=&#8220;42px&#8220; header_2_font_size_phone=&#8220;26px&#8220; header_2_font_size_last_edited=&#8220;on|phone&#8220; header_2_line_height_tablet=&#8220;&#8220; header_2_line_height_phone=&#8220;1.2em&#8220; header_2_line_height_last_edited=&#8220;on|phone&#8220; global_colors_info=&#8220;{}&#8220;]<\/p>\n<h2>Ubytov\u00e1n\u00ed na \u0160umav\u011b v roubence se saunou<\/h2>\n<p>[\/et_pb_text][\/et_pb_column][\/et_pb_row][\/et_pb_section][et_pb_section fb_built=&#8220;1&#8243; _builder_version=&#8220;4.20.4&#8243; _module_preset=&#8220;default&#8220; background_color=&#8220;#f9f6f5&#8243; background_enable_image=&#8220;off&#8220; min_height=&#8220;1040.3px&#8220; custom_margin=&#8220;0px||-124px|||&#8220; custom_padding=&#8220;1px||0px|||&#8220; global_colors_info=&#8220;{}&#8220;][et_pb_row column_structure=&#8220;2_5,3_5&#8243; _builder_version=&#8220;4.20.4&#8243; _module_preset=&#8220;default&#8220; background_color=&#8220;#FFFFFF&#8220; width=&#8220;79.8%&#8220; min_height=&#8220;229.4px&#8220; custom_margin=&#8220;-18px|auto|-57px|auto||&#8220; custom_padding=&#8220;58px|3px|28px|||&#8220; global_colors_info=&#8220;{}&#8220;][et_pb_column type=&#8220;2_5&#8243; _builder_version=&#8220;4.20.4&#8243; _module_preset=&#8220;default&#8220; global_colors_info=&#8220;{}&#8220;][et_pb_image src=&#8220;http:\/\/www.smiroslavou.art\/wp-content\/uploads\/2026\/03\/IMG_8134-scaled.jpeg&#8220; title_text=&#8220;IMG_8134&#8243; _builder_version=&#8220;4.27.4&#8243; _module_preset=&#8220;default&#8220; custom_margin=&#8220;||-6px|||&#8220; global_colors_info=&#8220;{}&#8220;][\/et_pb_image][\/et_pb_column][et_pb_column type=&#8220;3_5&#8243; _builder_version=&#8220;4.20.4&#8243; _module_preset=&#8220;default&#8220; global_colors_info=&#8220;{}&#8220;][et_pb_text _builder_version=&#8220;4.27.4&#8243; _module_preset=&#8220;default&#8220; text_font=&#8220;Karla||||||||&#8220; text_font_size=&#8220;16px&#8220; text_line_height=&#8220;1.8em&#8220; background_color=&#8220;#FFFFFF&#8220; background_layout=&#8220;dark&#8220; width=&#8220;95.4%&#8220; min_height=&#8220;432.6px&#8220; custom_padding=&#8220;|8px|0px|5px||&#8220; text_font_size_tablet=&#8220;&#8220; text_font_size_phone=&#8220;14px&#8220; text_font_size_last_edited=&#8220;on|phone&#8220; locked=&#8220;off&#8220; global_colors_info=&#8220;{}&#8220;]<\/p>\n<div class=\"flex flex-col text-sm pb-25\">\n<article class=\"text-token-text-primary w-full focus:outline-none [--shadow-height:45px] has-data-writing-block:pointer-events-none has-data-writing-block:-mt-(--shadow-height) has-data-writing-block:pt-(--shadow-height) [&amp;:has([data-writing-block])&gt;*]:pointer-events-auto scroll-mt-[calc(var(--header-height)+min(200px,max(70px,20svh)))]\" dir=\"auto\" data-turn-id=\"request-WEB:cb9500fc-de74-4970-940a-16d188390bde-1\" data-testid=\"conversation-turn-4\" data-scroll-anchor=\"true\" data-turn=\"assistant\" tabindex=\"-1\">\n<div class=\"text-base my-auto mx-auto pb-10 [--thread-content-margin:--spacing(4)] @w-sm\/main:[--thread-content-margin:--spacing(6)] @w-lg\/main:[--thread-content-margin:--spacing(16)] px-(--thread-content-margin)\">\n<div class=\"[--thread-content-max-width:40rem] @w-lg\/main:[--thread-content-max-width:48rem] mx-auto max-w-(--thread-content-max-width) flex-1 group\/turn-messages focus-visible:outline-hidden relative flex w-full min-w-0 flex-col agent-turn\" tabindex=\"-1\">\n<div class=\"flex max-w-full flex-col grow\">\n<div data-message-author-role=\"assistant\" data-message-id=\"15a49e0c-e0fb-4a42-adb3-18c213b395fe\" dir=\"auto\" class=\"min-h-8 text-message relative flex w-full flex-col items-end gap-2 text-start break-words whitespace-normal [.text-message+&amp;]:mt-1\" data-message-model-slug=\"gpt-5-2\">\n<div class=\"flex w-full flex-col gap-1 empty:hidden first:pt-[1px]\">\n<div class=\"markdown prose dark:prose-invert w-full break-words light markdown-new-styling\">\n<p data-start=\"41\" data-end=\"510\" data-is-last-node=\"\" data-is-only-node=\"\"><span style=\"color: #000000;\">Kr\u00e1tkodob\u00e9 ubytov\u00e1n\u00ed* v \u00fatuln\u00e9 \u0161umavsk\u00e9 roubence ve Velhartic\u00edch s <strong data-start=\"105\" data-end=\"124\">priv\u00e1tn\u00ed saunou<\/strong>, ide\u00e1ln\u00ed pro relaxaci po dni str\u00e1ven\u00e9m v p\u0159\u00edrod\u011b. Stylov\u011b rustik\u00e1ln\u00ed prostor \u0161umavsk\u00e9ho venkova vytv\u00e1\u0159\u00ed klidn\u00e9 z\u00e1zem\u00ed pro t\u011blo i du\u0161i. <\/span><\/p>\n<p data-start=\"41\" data-end=\"510\" data-is-last-node=\"\" data-is-only-node=\"\"><span style=\"color: #000000;\">K pobytu lze p\u0159ipojit soukrom\u00e9 lekce <\/span><span style=\"text-decoration: underline;\"><span style=\"color: #993300; text-decoration: underline;\"><a href=\"https:\/\/www.smiroslavou.art\/?page_id=623\" title=\"j\u00f3gy pro za\u010d\u00e1te\u010dn\u00edky i pokro\u010dil\u00e9, pro d\u011bti, \u010di celou rodinu,\" target=\"_blank\" rel=\"noopener\" style=\"color: #993300; text-decoration: underline;\"><strong data-start=\"292\" data-end=\"328\">j\u00f3gy pro za\u010d\u00e1te\u010dn\u00edky i pokro\u010dil\u00e9, pro d\u011bti, \u010di celou<\/strong><\/a><a href=\"https:\/\/www.smiroslavou.art\/?page_id=623\" title=\"j\u00f3gy pro za\u010d\u00e1te\u010dn\u00edky i pokro\u010dil\u00e9, pro d\u011bti, \u010di celou rodinu,\" target=\"_blank\" rel=\"noopener\" style=\"color: #993300; text-decoration: underline;\"><strong data-start=\"292\" data-end=\"328\"> rodinu,<\/strong><\/a><\/span><\/span> <span style=\"color: #000000;\">kter\u00e9 lze praktikovat v priv\u00e1tn\u00edm j\u00f3ga s\u00e1lku \u010di venku na zahrad\u011b pod \u0161ir\u00fdm nebem. Roubenka krom\u011b p\u00e1rov\u00e9ho \u010di rodinn\u00e9ho pobytu tak\u00e9 sk\u00fdt\u00e1 ide\u00e1ln\u00ed prost\u0159ed\u00ed pro pobyt o samot\u011b, kter\u00fd lze obohatit o<span style=\"text-decoration: underline; color: #993300;\"> <a href=\"https:\/\/www.smiroslavou.art\/?page_id=614\" target=\"_blank\" rel=\"noopener\" title=\"holistick\u00e9 konzultace pro jednotlivce i p\u00e1ry\" style=\"color: #993300; text-decoration: underline;\"><strong data-start=\"411\" data-end=\"436\">holistick\u00e9 konzultace pro jednotlivce i p\u00e1ry<\/strong><\/a> <\/span>pro prohlouben\u00ed regenerace o vnit\u0159n\u00ed harmonizaci. Dal\u0161\u00edm obohacen\u00edm pobytu u n\u00e1s v\u00e1m mohou b\u00fdt <span style=\"text-decoration: underline; color: #993300;\"><span><strong data-start=\"442\" data-end=\"468\"><a href=\"https:\/\/www.smiroslavou.art\/?page_id=607\" title=\"osobn\u00ed ritu\u00e1ly na m\u00edru\" style=\"color: #993300; text-decoration: underline;\">osobn\u00ed ritu\u00e1ly na m\u00edru <\/a><\/strong><\/span><\/span>pro transforma\u010dn\u00ed obdob\u00ed va\u0161eho \u017eivota.<\/span><\/p>\n<p data-start=\"41\" data-end=\"510\" data-is-last-node=\"\" data-is-only-node=\"\"><span style=\"color: #000000;\">* min. 2 noci, max. 2 m\u011bs\u00edce<\/span><\/p>\n<\/div>\n<\/div>\n<\/div>\n<\/div>\n<div class=\"z-0 flex min-h-[46px] justify-start\"><\/div>\n<div class=\"mt-3 w-full empty:hidden\">\n<div class=\"text-center\"><\/div>\n<div class=\"text-center\"><\/div>\n<\/div>\n<\/div>\n<\/div>\n<\/article>\n<\/div>\n<h3><\/h3>\n<p>[\/et_pb_text][\/et_pb_column][\/et_pb_row][et_pb_row column_structure=&#8220;2_5,3_5&#8243; _builder_version=&#8220;4.20.4&#8243; _module_preset=&#8220;default&#8220; background_color=&#8220;#FFFFFF&#8220; width=&#8220;79.8%&#8220; min_height=&#8220;325.4px&#8220; custom_margin=&#8220;-18px|auto|-57px|auto||&#8220; custom_padding=&#8220;58px|3px|69px|||&#8220; global_colors_info=&#8220;{}&#8220;][et_pb_column type=&#8220;2_5&#8243; _builder_version=&#8220;4.20.4&#8243; _module_preset=&#8220;default&#8220; global_colors_info=&#8220;{}&#8220;][et_pb_image src=&#8220;http:\/\/www.smiroslavou.art\/wp-content\/uploads\/2026\/03\/IMG_8102-scaled.jpeg&#8220; title_text=&#8220;IMG_8102&#8243; _builder_version=&#8220;4.27.4&#8243; _module_preset=&#8220;default&#8220; custom_margin=&#8220;||-6px|||&#8220; global_colors_info=&#8220;{}&#8220;][\/et_pb_image][\/et_pb_column][et_pb_column type=&#8220;3_5&#8243; _builder_version=&#8220;4.20.4&#8243; _module_preset=&#8220;default&#8220; global_colors_info=&#8220;{}&#8220;][et_pb_text _builder_version=&#8220;4.27.4&#8243; _module_preset=&#8220;default&#8220; text_font=&#8220;Karla||||||||&#8220; text_font_size=&#8220;16px&#8220; text_line_height=&#8220;1.8em&#8220; background_color=&#8220;#FFFFFF&#8220; background_layout=&#8220;dark&#8220; width=&#8220;95.4%&#8220; min_height=&#8220;123.6px&#8220; custom_padding=&#8220;|8px|0px|5px||&#8220; text_font_size_tablet=&#8220;&#8220; text_font_size_phone=&#8220;14px&#8220; text_font_size_last_edited=&#8220;on|phone&#8220; locked=&#8220;off&#8220; global_colors_info=&#8220;{}&#8220;]<\/p>\n<div class=\"flex flex-col text-sm pb-25\">\n<article class=\"text-token-text-primary w-full focus:outline-none [--shadow-height:45px] has-data-writing-block:pointer-events-none has-data-writing-block:-mt-(--shadow-height) has-data-writing-block:pt-(--shadow-height) [&amp;:has([data-writing-block])&gt;*]:pointer-events-auto scroll-mt-[calc(var(--header-height)+min(200px,max(70px,20svh)))]\" dir=\"auto\" data-turn-id=\"request-WEB:cb9500fc-de74-4970-940a-16d188390bde-1\" data-testid=\"conversation-turn-4\" data-scroll-anchor=\"true\" data-turn=\"assistant\" tabindex=\"-1\">\n<div class=\"text-base my-auto mx-auto pb-10 [--thread-content-margin:--spacing(4)] @w-sm\/main:[--thread-content-margin:--spacing(6)] @w-lg\/main:[--thread-content-margin:--spacing(16)] px-(--thread-content-margin)\">\n<div class=\"[--thread-content-max-width:40rem] @w-lg\/main:[--thread-content-max-width:48rem] mx-auto max-w-(--thread-content-max-width) flex-1 group\/turn-messages focus-visible:outline-hidden relative flex w-full min-w-0 flex-col agent-turn\" tabindex=\"-1\">\n<div class=\"flex max-w-full flex-col grow\">\n<div data-message-author-role=\"assistant\" data-message-id=\"15a49e0c-e0fb-4a42-adb3-18c213b395fe\" dir=\"auto\" class=\"min-h-8 text-message relative flex w-full flex-col items-end gap-2 text-start break-words whitespace-normal [.text-message+&amp;]:mt-1\" data-message-model-slug=\"gpt-5-2\">\n<div class=\"flex w-full flex-col gap-1 empty:hidden first:pt-[1px]\">\n<div class=\"markdown prose dark:prose-invert w-full break-words light markdown-new-styling\">\n<p data-start=\"41\" data-end=\"510\" data-is-last-node=\"\" data-is-only-node=\"\"><span style=\"color: #000000;\">Pro v\u00edce informac\u00ed o procesn\u00edch podm\u00ednk\u00e1ch ubytov\u00e1n\u00ed m\u016f\u017eete otev\u0159\u00edt odkaz na profil <a href=\"https:\/\/www.e-chalupy.cz\/ubytovani-velhartice-roubenka-se-saunou-pronajem-o19037\"><span style=\"text-decoration: underline;\"><span style=\"color: #993300; text-decoration: underline;\">Roubenky se saunou ve Velhartic\u00edch<\/span><\/span><\/a> na webu e-chalupy.cz nebo rovnou vyplnit popt\u00e1vkov\u00fd formul\u00e1\u0159 n\u00ed\u017ee.<\/span><\/p>\n<\/div>\n<\/div>\n<\/div>\n<\/div>\n<\/div>\n<\/div>\n<\/article>\n<\/div>\n<p>[\/et_pb_text][\/et_pb_column][\/et_pb_row][et_pb_row _builder_version=&#8220;4.27.4&#8243; _module_preset=&#8220;default&#8220; background_color=&#8220;#FFFFFF&#8220; width=&#8220;79.8%&#8220; min_height=&#8220;325.4px&#8220; custom_margin=&#8220;-18px|auto|-57px|auto||&#8220; custom_padding=&#8220;12px|3px|69px|||&#8220; hover_enabled=&#8220;0&#8243; global_colors_info=&#8220;{}&#8220; sticky_enabled=&#8220;0&#8243;][et_pb_column type=&#8220;4_4&#8243; _builder_version=&#8220;4.20.4&#8243; _module_preset=&#8220;default&#8220; global_colors_info=&#8220;{}&#8220;][et_pb_image src=&#8220;http:\/\/www.smiroslavou.art\/wp-content\/uploads\/2026\/03\/IMG_3849-scaled-e1773157720659.jpeg&#8220; title_text=&#8220;IMG_3849&#8243; _builder_version=&#8220;4.27.4&#8243; _module_preset=&#8220;default&#8220; custom_margin=&#8220;||-6px|||&#8220; hover_enabled=&#8220;0&#8243; global_colors_info=&#8220;{}&#8220; sticky_enabled=&#8220;0&#8243;][\/et_pb_image][\/et_pb_column][\/et_pb_row][et_pb_row _builder_version=&#8220;4.24.2&#8243; _module_preset=&#8220;default&#8220; background_color=&#8220;#FFFFFF&#8220; min_height=&#8220;99px&#8220; custom_padding=&#8220;26px||9px|0px||&#8220; global_colors_info=&#8220;{}&#8220;][et_pb_column type=&#8220;4_4&#8243; _builder_version=&#8220;4.16&#8243; _module_preset=&#8220;default&#8220; global_colors_info=&#8220;{}&#8220;][et_pb_text module_id=&#8220;kontaktni-formular&#8220; _builder_version=&#8220;4.27.4&#8243; _module_preset=&#8220;default&#8220; header_2_font=&#8220;Crimson Text||||||||&#8220; header_2_text_color=&#8220;#a26737&#8243; header_2_font_size=&#8220;80px&#8220; text_orientation=&#8220;center&#8220; max_width=&#8220;750px&#8220; module_alignment=&#8220;center&#8220; custom_margin=&#8220;||-27px|||&#8220; custom_padding=&#8220;||0px|||&#8220; header_2_font_size_tablet=&#8220;42px&#8220; header_2_font_size_phone=&#8220;26px&#8220; header_2_font_size_last_edited=&#8220;on|phone&#8220; header_2_line_height_tablet=&#8220;&#8220; header_2_line_height_phone=&#8220;1.2em&#8220; header_2_line_height_last_edited=&#8220;on|phone&#8220; locked=&#8220;off&#8220; global_colors_info=&#8220;{}&#8220;]<\/p>\n<h2>M\u00e1m z\u00e1jem o pobyt<\/h2>\n<p>&nbsp;<\/p>\n<p>[\/et_pb_text][\/et_pb_column][\/et_pb_row][et_pb_row _builder_version=&#8220;4.20.2&#8243; _module_preset=&#8220;default&#8220; background_color=&#8220;#FFFFFF&#8220; custom_margin=&#8220;-27px|auto||auto||&#8220; custom_padding=&#8220;|30px|11px|||&#8220; global_colors_info=&#8220;{}&#8220;][et_pb_column type=&#8220;4_4&#8243; _builder_version=&#8220;4.20.2&#8243; _module_preset=&#8220;default&#8220; global_colors_info=&#8220;{}&#8220;][et_pb_text _builder_version=&#8220;4.27.4&#8243; _module_preset=&#8220;default&#8220; text_font=&#8220;Karla||||||||&#8220; text_font_size=&#8220;16px&#8220; text_line_height=&#8220;1.8em&#8220; background_color=&#8220;#FFFFFF&#8220; background_layout=&#8220;dark&#8220; width=&#8220;95.4%&#8220; min_height=&#8220;432.6px&#8220; custom_margin=&#8220;-18px|||||&#8220; custom_padding=&#8220;|8px|0px|5px||&#8220; text_font_size_tablet=&#8220;&#8220; text_font_size_phone=&#8220;14px&#8220; text_font_size_last_edited=&#8220;on|phone&#8220; locked=&#8220;off&#8220; global_colors_info=&#8220;{}&#8220;]<\/p>\n<p>\n<script id=\"ech-kontakt\">window.ech_kontakt={\nid: '19037',\nklic: '3fc913aeff5E1B5',\nstyl: '2',\nfontFamily: 'Verdana',\ntext: '#333333',\nbarvaTlacitko: '#913773',\nbarvaFocus: '#913773',\nkulateRohy: '5px',\nantispam: 'ano',\nposlatKopii: 'ano',\ntextTlacitko: 'm\u00e1m z\u00e1jem o pobyt v roubence',\njazyk: 'cs',\ntestEmail: 'bauz.miri@gmail.com',\nvyberJednotky: 'ne',\n};\n(function(w,d,o,g,r,m){a=d.createElement(o),m=d.getElementsByTagName(o)[0];a.async=1;a.src=g;m.parentNode.insertBefore(a,m)})(window,document,'script','https:\/\/api2.e-chalupy.cz\/konfigurator\/kontakt\/js\/kontakt.js?v=1773155230');<\/script>\n<\/p>\n<p>[\/et_pb_text][\/et_pb_column][\/et_pb_row][et_pb_row _builder_version=&#8220;4.20.4&#8243; _module_preset=&#8220;default&#8220; custom_padding=&#8220;||0px|||&#8220; global_colors_info=&#8220;{}&#8220;][et_pb_column type=&#8220;4_4&#8243; _builder_version=&#8220;4.20.4&#8243; _module_preset=&#8220;default&#8220; global_colors_info=&#8220;{}&#8220;][et_pb_text module_id=&#8220;kontakt&#8220; _builder_version=&#8220;4.20.4&#8243; _module_preset=&#8220;default&#8220; header_2_font=&#8220;Crimson Text||||||||&#8220; header_2_text_color=&#8220;#a26737&#8243; header_2_font_size=&#8220;80px&#8220; text_orientation=&#8220;center&#8220; max_width=&#8220;750px&#8220; module_alignment=&#8220;center&#8220; custom_padding=&#8220;||0px|||&#8220; header_2_font_size_tablet=&#8220;42px&#8220; header_2_font_size_phone=&#8220;26px&#8220; header_2_font_size_last_edited=&#8220;on|phone&#8220; header_2_line_height_tablet=&#8220;&#8220; header_2_line_height_phone=&#8220;1.2em&#8220; header_2_line_height_last_edited=&#8220;on|phone&#8220; locked=&#8220;off&#8220; global_colors_info=&#8220;{}&#8220;]<\/p>\n<h2 style=\"background-color: #f9f6f5;\">Kontakt<\/h2>\n<h3 style=\"background-color: #f9f6f5;\"><\/h3>\n<p style=\"font-size: 14px; background-color: #f9f6f5;\"><span style=\"font-size: 14px; font-weight: bold;\">Email:<\/span>\u00a0bauz.miri@gmail.com<\/p>\n<p style=\"font-size: 14px; background-color: #f9f6f5;\"><span style=\"font-size: 14px; font-weight: bold;\">Tel.:<\/span>\u00a0+420 724 028 679<span style=\"font-size: 14px; font-weight: bold;\"><\/span><\/p>\n<p><strong><\/strong><\/p>\n<p>&nbsp;<\/p>\n<p>[\/et_pb_text][\/et_pb_column][\/et_pb_row][\/et_pb_section]<\/p>\n","protected":false},"excerpt":{"rendered":"<p>Ubytov\u00e1n\u00ed na \u0160umav\u011b v roubence se saunou Kr\u00e1tkodob\u00e9 ubytov\u00e1n\u00ed* v \u00fatuln\u00e9 \u0161umavsk\u00e9 roubence ve Velhartic\u00edch s priv\u00e1tn\u00ed saunou, ide\u00e1ln\u00ed pro relaxaci po dni str\u00e1ven\u00e9m v p\u0159\u00edrod\u011b. Stylov\u011b rustik\u00e1ln\u00ed prostor \u0161umavsk\u00e9ho venkova vytv\u00e1\u0159\u00ed klidn\u00e9 z\u00e1zem\u00ed pro t\u011blo i du\u0161i. K pobytu lze p\u0159ipojit soukrom\u00e9 lekce j\u00f3gy pro za\u010d\u00e1te\u010dn\u00edky i pokro\u010dil\u00e9, pro d\u011bti, \u010di celou rodinu, kter\u00e9 [&hellip;]<\/p>\n","protected":false},"author":1,"featured_media":0,"parent":0,"menu_order":0,"comment_status":"closed","ping_status":"closed","template":"","meta":{"_et_pb_use_builder":"on","_et_pb_old_content":"","_et_gb_content_width":"","footnotes":""},"class_list":["post-632","page","type-page","status-publish","hentry"],"yoast_head":"<!-- This site is optimized with the Yoast SEO plugin v27.5 - https:\/\/yoast.com\/product\/yoast-seo-wordpress\/ -->\n<title>\u0160umavsk\u00e1 roubenka - smiroslavou.art<\/title>\n<meta name=\"robots\" content=\"index, follow, max-snippet:-1, max-image-preview:large, max-video-preview:-1\" \/>\n<link rel=\"canonical\" href=\"https:\/\/www.smiroslavou.art\/?page_id=632\" \/>\n<meta property=\"og:locale\" content=\"cs_CZ\" \/>\n<meta property=\"og:type\" content=\"article\" \/>\n<meta property=\"og:title\" content=\"\u0160umavsk\u00e1 roubenka - smiroslavou.art\" \/>\n<meta property=\"og:description\" content=\"Ubytov\u00e1n\u00ed na \u0160umav\u011b v roubence se saunou Kr\u00e1tkodob\u00e9 ubytov\u00e1n\u00ed* v \u00fatuln\u00e9 \u0161umavsk\u00e9 roubence ve Velhartic\u00edch s priv\u00e1tn\u00ed saunou, ide\u00e1ln\u00ed pro relaxaci po dni str\u00e1ven\u00e9m v p\u0159\u00edrod\u011b. Stylov\u011b rustik\u00e1ln\u00ed prostor \u0161umavsk\u00e9ho venkova vytv\u00e1\u0159\u00ed klidn\u00e9 z\u00e1zem\u00ed pro t\u011blo i du\u0161i. K pobytu lze p\u0159ipojit soukrom\u00e9 lekce j\u00f3gy pro za\u010d\u00e1te\u010dn\u00edky i pokro\u010dil\u00e9, pro d\u011bti, \u010di celou rodinu, kter\u00e9 [&hellip;]\" \/>\n<meta property=\"og:url\" content=\"https:\/\/www.smiroslavou.art\/?page_id=632\" \/>\n<meta property=\"og:site_name\" content=\"smiroslavou.art\" \/>\n<meta property=\"article:modified_time\" content=\"2026-03-10T15:55:06+00:00\" \/>\n<meta property=\"og:image\" content=\"https:\/\/www.smiroslavou.art\/wp-content\/uploads\/2025\/02\/DSC01766-scaled.jpg\" \/>\n\t<meta property=\"og:image:width\" content=\"2560\" \/>\n\t<meta property=\"og:image:height\" content=\"1707\" \/>\n\t<meta property=\"og:image:type\" content=\"image\/jpeg\" \/>\n<meta name=\"twitter:card\" content=\"summary_large_image\" \/>\n<script type=\"application\/ld+json\" class=\"yoast-schema-graph\">{\"@context\":\"https:\\\/\\\/schema.org\",\"@graph\":[{\"@type\":\"WebPage\",\"@id\":\"https:\\\/\\\/www.smiroslavou.art\\\/?page_id=632\",\"url\":\"https:\\\/\\\/www.smiroslavou.art\\\/?page_id=632\",\"name\":\"\u0160umavsk\u00e1 roubenka - smiroslavou.art\",\"isPartOf\":{\"@id\":\"https:\\\/\\\/www.smiroslavou.art\\\/#website\"},\"datePublished\":\"2024-07-24T10:02:55+00:00\",\"dateModified\":\"2026-03-10T15:55:06+00:00\",\"breadcrumb\":{\"@id\":\"https:\\\/\\\/www.smiroslavou.art\\\/?page_id=632#breadcrumb\"},\"inLanguage\":\"cs\",\"potentialAction\":[{\"@type\":\"ReadAction\",\"target\":[\"https:\\\/\\\/www.smiroslavou.art\\\/?page_id=632\"]}]},{\"@type\":\"BreadcrumbList\",\"@id\":\"https:\\\/\\\/www.smiroslavou.art\\\/?page_id=632#breadcrumb\",\"itemListElement\":[{\"@type\":\"ListItem\",\"position\":1,\"name\":\"Dom\u016f\",\"item\":\"https:\\\/\\\/www.smiroslavou.art\\\/\"},{\"@type\":\"ListItem\",\"position\":2,\"name\":\"\u0160umavsk\u00e1 roubenka\"}]},{\"@type\":\"WebSite\",\"@id\":\"https:\\\/\\\/www.smiroslavou.art\\\/#website\",\"url\":\"https:\\\/\\\/www.smiroslavou.art\\\/\",\"name\":\"smiroslavou.art\",\"description\":\"Smiroslavou.art\",\"potentialAction\":[{\"@type\":\"SearchAction\",\"target\":{\"@type\":\"EntryPoint\",\"urlTemplate\":\"https:\\\/\\\/www.smiroslavou.art\\\/?s={search_term_string}\"},\"query-input\":{\"@type\":\"PropertyValueSpecification\",\"valueRequired\":true,\"valueName\":\"search_term_string\"}}],\"inLanguage\":\"cs\"}]}<\/script>\n<!-- \/ Yoast SEO plugin. -->","yoast_head_json":{"title":"\u0160umavsk\u00e1 roubenka - smiroslavou.art","robots":{"index":"index","follow":"follow","max-snippet":"max-snippet:-1","max-image-preview":"max-image-preview:large","max-video-preview":"max-video-preview:-1"},"canonical":"https:\/\/www.smiroslavou.art\/?page_id=632","og_locale":"cs_CZ","og_type":"article","og_title":"\u0160umavsk\u00e1 roubenka - smiroslavou.art","og_description":"Ubytov\u00e1n\u00ed na \u0160umav\u011b v roubence se saunou Kr\u00e1tkodob\u00e9 ubytov\u00e1n\u00ed* v \u00fatuln\u00e9 \u0161umavsk\u00e9 roubence ve Velhartic\u00edch s priv\u00e1tn\u00ed saunou, ide\u00e1ln\u00ed pro relaxaci po dni str\u00e1ven\u00e9m v p\u0159\u00edrod\u011b. Stylov\u011b rustik\u00e1ln\u00ed prostor \u0161umavsk\u00e9ho venkova vytv\u00e1\u0159\u00ed klidn\u00e9 z\u00e1zem\u00ed pro t\u011blo i du\u0161i. K pobytu lze p\u0159ipojit soukrom\u00e9 lekce j\u00f3gy pro za\u010d\u00e1te\u010dn\u00edky i pokro\u010dil\u00e9, pro d\u011bti, \u010di celou rodinu, kter\u00e9 [&hellip;]","og_url":"https:\/\/www.smiroslavou.art\/?page_id=632","og_site_name":"smiroslavou.art","article_modified_time":"2026-03-10T15:55:06+00:00","og_image":[{"width":2560,"height":1707,"url":"https:\/\/www.smiroslavou.art\/wp-content\/uploads\/2025\/02\/DSC01766-scaled.jpg","type":"image\/jpeg"}],"twitter_card":"summary_large_image","schema":{"@context":"https:\/\/schema.org","@graph":[{"@type":"WebPage","@id":"https:\/\/www.smiroslavou.art\/?page_id=632","url":"https:\/\/www.smiroslavou.art\/?page_id=632","name":"\u0160umavsk\u00e1 roubenka - smiroslavou.art","isPartOf":{"@id":"https:\/\/www.smiroslavou.art\/#website"},"datePublished":"2024-07-24T10:02:55+00:00","dateModified":"2026-03-10T15:55:06+00:00","breadcrumb":{"@id":"https:\/\/www.smiroslavou.art\/?page_id=632#breadcrumb"},"inLanguage":"cs","potentialAction":[{"@type":"ReadAction","target":["https:\/\/www.smiroslavou.art\/?page_id=632"]}]},{"@type":"BreadcrumbList","@id":"https:\/\/www.smiroslavou.art\/?page_id=632#breadcrumb","itemListElement":[{"@type":"ListItem","position":1,"name":"Dom\u016f","item":"https:\/\/www.smiroslavou.art\/"},{"@type":"ListItem","position":2,"name":"\u0160umavsk\u00e1 roubenka"}]},{"@type":"WebSite","@id":"https:\/\/www.smiroslavou.art\/#website","url":"https:\/\/www.smiroslavou.art\/","name":"smiroslavou.art","description":"Smiroslavou.art","potentialAction":[{"@type":"SearchAction","target":{"@type":"EntryPoint","urlTemplate":"https:\/\/www.smiroslavou.art\/?s={search_term_string}"},"query-input":{"@type":"PropertyValueSpecification","valueRequired":true,"valueName":"search_term_string"}}],"inLanguage":"cs"}]}},"_links":{"self":[{"href":"https:\/\/www.smiroslavou.art\/index.php?rest_route=\/wp\/v2\/pages\/632","targetHints":{"allow":["GET"]}}],"collection":[{"href":"https:\/\/www.smiroslavou.art\/index.php?rest_route=\/wp\/v2\/pages"}],"about":[{"href":"https:\/\/www.smiroslavou.art\/index.php?rest_route=\/wp\/v2\/types\/page"}],"author":[{"embeddable":true,"href":"https:\/\/www.smiroslavou.art\/index.php?rest_route=\/wp\/v2\/users\/1"}],"replies":[{"embeddable":true,"href":"https:\/\/www.smiroslavou.art\/index.php?rest_route=%2Fwp%2Fv2%2Fcomments&post=632"}],"version-history":[{"count":34,"href":"https:\/\/www.smiroslavou.art\/index.php?rest_route=\/wp\/v2\/pages\/632\/revisions"}],"predecessor-version":[{"id":1222,"href":"https:\/\/www.smiroslavou.art\/index.php?rest_route=\/wp\/v2\/pages\/632\/revisions\/1222"}],"wp:attachment":[{"href":"https:\/\/www.smiroslavou.art\/index.php?rest_route=%2Fwp%2Fv2%2Fmedia&parent=632"}],"curies":[{"name":"wp","href":"https:\/\/api.w.org\/{rel}","templated":true}]}}